{"id":3241,"date":"2026-04-03T11:11:48","date_gmt":"2026-04-03T09:11:48","guid":{"rendered":"https:\/\/ayam.affinis.cc\/?page_id=3241"},"modified":"2026-04-03T11:24:53","modified_gmt":"2026-04-03T09:24:53","slug":"impressum","status":"publish","type":"page","link":"https:\/\/ayam.affinis.cc\/it\/impressum\/","title":{"rendered":"Impressum"},"content":{"rendered":"<div data-elementor-type=\"wp-page\" data-elementor-id=\"3241\" class=\"elementor elementor-3241\" data-elementor-post-type=\"page\">\n\t\t\t\t<div class=\"e-con-top elementor-element elementor-element-81337e0 e-flex e-con-boxed e-con e-parent\" data-id=\"81337e0\" data-element_type=\"container\" data-e-type=\"container\">\n\t\t\t\t\t<div class=\"e-con-inner\">\n\t\t\t\t\t<\/div>\n\t\t\t\t<\/div>\n\t\t<div class=\"e-con-top elementor-element elementor-element-eabe078 e-flex e-con-boxed e-con e-parent\" data-id=\"eabe078\" data-element_type=\"container\" data-e-type=\"container\">\n\t\t\t\t\t<div class=\"e-con-inner\">\n\t\t\t\t<div class=\"elementor-element elementor-element-727054a elementor-widget__width-inherit elementor-widget elementor-widget-heading\" data-id=\"727054a\" data-element_type=\"widget\" data-e-type=\"widget\" data-widget_type=\"heading.default\">\n\t\t\t\t\t<h2 class=\"elementor-heading-title elementor-size-default\">Impressum<\/h2>\t\t\t\t<\/div>\n\t\t\t\t<div class=\"elementor-element elementor-element-b43af8d elementor-widget elementor-widget-spacer\" data-id=\"b43af8d\" data-element_type=\"widget\" data-e-type=\"widget\" data-widget_type=\"spacer.default\">\n\t\t\t\t\t\t\t<div class=\"elementor-spacer\">\n\t\t\t<div class=\"elementor-spacer-inner\"><\/div>\n\t\t<\/div>\n\t\t\t\t\t\t<\/div>\n\t\t\t\t<div class=\"elementor-element elementor-element-f1474d7 elementor-widget elementor-widget-heading\" data-id=\"f1474d7\" data-element_type=\"widget\" data-e-type=\"widget\" data-widget_type=\"heading.default\">\n\t\t\t\t\t<div class=\"elementor-heading-title elementor-size-default\"><p>&nbsp;<\/p>\n<h2><strong>Auftraggeber und verantwortlich f\u00fcr alle Inhalte<\/strong><\/h2>\n<p>&nbsp;<\/p>\n<p><b>AYAM der Andrea Kofler<\/b><br \/>\nComing soon<br \/>\n39042 Brixen (BZ)<br \/>\nS\u00fcdtirol \/ Italien<\/p>\n<p>Tel: <a href=\"tel:+393409758311\">+39 340 9758 311<\/a><br \/>\nE-mail: <a href=\"mailto:info@ayam.it\">info@ayam.it<\/a><br \/>\nPEC:<\/p>\n<p>Steuer-, Mehrwertsteuernummer:<br \/>\nSDI Kodex: T04ZHR3<\/p>\n<p>Eingetragen im Handelsregister von Bozen unter der Nummer 00000000000, V.W.V.\/R.E.A. BZ-000000<br \/>\n<br \/> <\/br> <\/p>\n<h4>Inhaltlich und presserechtlich verantwortlich<\/h4>\n<p>Andrea Kofler<\/p>\n<h3><\/h3>\n<p>&nbsp;<\/p>\n<h3><b>Wie ein guter Cocktail:<br \/>\n<\/b>Nur mit den besten Zutaten.<\/h3>\n<p>&nbsp;<\/p>\n<h5><\/h5>\n<h5><strong>Idee, Kommunikation, Inhalt und Technik \u2013 gemixt mit Know-how und Gesp\u00fcr<\/strong><\/h5>\n<p><a href=\"https:\/\/affinis.cc\/\" target=\"_blank\" rel=\"noopener\">Webagentur affinis<\/a><\/p>\n<h5 class=\"p1\"><span class=\"s1\"><b>Garnitur<\/b><\/span><\/h5>\n<p>Stilvolles Design von <a href=\"mailto:office@jennifer-janser.com\">Jennifer Janser<\/a><\/p>\n<h5 class=\"p1\"><span class=\"s1\"><b>Farbe<\/b><\/span><\/h5>\n<p class=\"p1\">Ausdrucksstarke Fotos von:<\/p>\n<p>Sarah Palik<\/p>\n<h3><\/h3>\n<p>&nbsp;<\/p>\n<h3>Copyright<\/h3>\n<p>Alle auf dieser Website ver\u00f6ffentlichten Inhalte und Werke sind urheberrechtlich gesch\u00fctzt. Eine Vervielf\u00e4ltigung oder Verwendung in anderen elektronischen oder gedruckten Publikationen ist ohne unsere ausdr\u00fcckliche Zustimmung nicht gestattet.<\/p>\n<p>F\u00fcr den Inhalt der verlinkten Seiten sind ausschlie\u00dflich deren Betreiber verantwortlich.<\/p>\n<\/div>\t\t\t\t<\/div>\n\t\t\t\t\t<\/div>\n\t\t\t\t<\/div>\n\t\t\t\t<\/div>","protected":false},"excerpt":{"rendered":"","protected":false},"author":3,"featured_media":0,"parent":0,"menu_order":0,"comment_status":"closed","ping_status":"closed","template":"elementor_header_footer","meta":{"_acf_changed":false,"footnotes":""},"class_list":["post-3241","page","type-page","status-publish","hentry"],"aioseo_notices":[],"acf":[],"_links":{"self":[{"href":"https:\/\/ayam.affinis.cc\/it\/wp-json\/wp\/v2\/pages\/3241","targetHints":{"allow":["GET"]}}],"collection":[{"href":"https:\/\/ayam.affinis.cc\/it\/wp-json\/wp\/v2\/pages"}],"about":[{"href":"https:\/\/ayam.affinis.cc\/it\/wp-json\/wp\/v2\/types\/page"}],"author":[{"embeddable":true,"href":"https:\/\/ayam.affinis.cc\/it\/wp-json\/wp\/v2\/users\/3"}],"replies":[{"embeddable":true,"href":"https:\/\/ayam.affinis.cc\/it\/wp-json\/wp\/v2\/comments?post=3241"}],"version-history":[{"count":10,"href":"https:\/\/ayam.affinis.cc\/it\/wp-json\/wp\/v2\/pages\/3241\/revisions"}],"predecessor-version":[{"id":3253,"href":"https:\/\/ayam.affinis.cc\/it\/wp-json\/wp\/v2\/pages\/3241\/revisions\/3253"}],"wp:attachment":[{"href":"https:\/\/ayam.affinis.cc\/it\/wp-json\/wp\/v2\/media?parent=3241"}],"curies":[{"name":"wp","href":"https:\/\/api.w.org\/{rel}","templated":true}]}}